{"id":32,"date":"2025-05-31T04:07:02","date_gmt":"2025-05-31T01:07:02","guid":{"rendered":"https:\/\/speedstransfers.com\/about\/"},"modified":"2025-07-20T03:27:58","modified_gmt":"2025-07-20T00:27:58","slug":"about","status":"publish","type":"page","link":"https:\/\/speedstransfers.com\/fr\/about\/","title":{"rendered":"A propos de"},"content":{"rendered":"<div class=\"wp-block-uagb-container uagb-block-cd2bf25d alignfull uagb-is-root-container\"><div class=\"uagb-container-inner-blocks-wrap\">\n<div class=\"wp-block-uagb-advanced-heading uagb-block-26b518ac\"><p class=\"uagb-desc-text\">Speeds Transfers - voyages de luxe en rhodes<\/p><h1 class=\"uagb-heading-text\">Faites l'exp\u00e9rience de voyages inoubliables sur l'\u00eele de Rhodes<\/h1><\/div>\n<\/div><\/div>\n\n\n\n<div class=\"wp-block-uagb-container uagb-block-d9a6699b alignfull uagb-is-root-container\"><div class=\"uagb-container-inner-blocks-wrap\">\n<div class=\"wp-block-uagb-container uagb-block-2a0810e6\">\n<div class=\"wp-block-uagb-advanced-heading uagb-block-9ba080a1\"><p class=\"uagb-desc-text\">En savoir plus<\/p><h2 class=\"uagb-heading-text\">Qui nous sommes et ce que nous d\u00e9fendons<\/h2><\/div>\n\n\n\n<div class=\"wp-block-uagb-advanced-heading uagb-block-f12469fe\"><p class=\"uagb-heading-text\"><strong><a href=\"https:\/\/speedsrentacar.com\/\" data-type=\"link\" data-id=\"https:\/\/speedsrentacar.com\/\" rel=\"noopener\">Speeds Rent A Car<\/a><\/strong>Rhodes, un nom de confiance dans l'industrie de la location de voitures, est au service de Rhodes depuis plus de trois ans, fournissant des locations de voitures rapides, fiables et professionnelles. Forts de notre succ\u00e8s, nous avons \u00e9largi notre offre pour inclure <strong><a href=\"https:\/\/speedstransfers.com\/fr\/\" data-type=\"link\" data-id=\"https:\/\/speedstransfers.com\">Speeds Transfers<\/a><\/strong>-Services de transport de luxe, visites priv\u00e9es et transferts de groupes \u00e0 travers l'\u00eele.<\/p><p class=\"uagb-desc-text\">Notre flotte est compos\u00e9e de v\u00e9hicules neufs et fiables qui garantissent un voyage sans encombre pour les voyageurs solitaires comme pour les groupes. Que vous vous rendiez \u00e0 votre h\u00f4tel, que vous exploriez les sites historiques de l'\u00eele ou que vous profitiez d'une visite panoramique, nous vous promettons une exp\u00e9rience inoubliable et sans stress.<\/p><\/div>\n<\/div>\n\n\n\n<div class=\"wp-block-uagb-image uagb-block-aa6e155d wp-block-uagb-image--layout-default wp-block-uagb-image--effect-static wp-block-uagb-image--align-none\"><figure class=\"wp-block-uagb-image__figure\"><img decoding=\"async\" srcset=\"https:\/\/speedstransfers.com\/wp-content\/uploads\/2024\/08\/rent-a-car-rhodes-speeds-proace-topview-1024x576.jpg ,https:\/\/speedstransfers.com\/wp-content\/uploads\/2024\/08\/rent-a-car-rhodes-speeds-proace-topview.jpg 780w, https:\/\/speedstransfers.com\/wp-content\/uploads\/2024\/08\/rent-a-car-rhodes-speeds-proace-topview.jpg 360w\" sizes=\"auto, (max-width: 480px) 150px\" src=\"https:\/\/speedstransfers.com\/wp-content\/uploads\/2024\/08\/rent-a-car-rhodes-speeds-proace-topview-1024x576.jpg\" alt=\"Speeds Transfers Proace Top View\" class=\"uag-image-2535\" width=\"1200\" height=\"450\" title=\"Speeds Transfers Proace Top View\" loading=\"lazy\" role=\"img\"\/><\/figure><\/div>\n\n\n\n<div class=\"wp-block-uagb-container uagb-block-34df9393\">\n<div class=\"wp-block-uagb-container uagb-block-cf29644c\">\n<div class=\"wp-block-uagb-advanced-heading uagb-block-ebb1536b\"><h3 class=\"uagb-heading-text\">La mission<\/h3><p class=\"uagb-desc-text\">Fournir un transport luxueux et sans faille et des excursions personnalis\u00e9es qui rehaussent l'exp\u00e9rience de voyage de chaque invit\u00e9 sur l'\u00eele de Rhodes.<\/p><\/div>\n<\/div>\n\n\n\n<div class=\"wp-block-uagb-container uagb-block-73a726e4\">\n<div class=\"wp-block-uagb-advanced-heading uagb-block-414c8d9f\"><h3 class=\"uagb-heading-text\">Vision<\/h3><p class=\"uagb-desc-text\">\u00catre le premier service de transfert et d'excursion sur l'\u00eele de Rhodes, reconnu pour son service \u00e0 la client\u00e8le exceptionnel et ses exp\u00e9riences inoubliables.<\/p><\/div>\n<\/div>\n\n\n\n<div class=\"wp-block-uagb-container uagb-block-8f052846\">\n<div class=\"wp-block-uagb-advanced-heading uagb-block-4bbdd7d2\"><h3 class=\"uagb-heading-text\">Valeur<\/h3><p class=\"uagb-desc-text\">Nous accordons de l'importance \u00e0 la satisfaction du client, \u00e0 la transparence et \u00e0 l'excellence, et nous nous effor\u00e7ons de cr\u00e9er des moments m\u00e9morables gr\u00e2ce \u00e0 un service de qualit\u00e9 \u00e0 chaque \u00e9tape.<\/p><\/div>\n<\/div>\n<\/div>\n<\/div><\/div>\n\n\n\n<div class=\"wp-block-uagb-container uagb-layout-grid uagb-block-6dd98696 alignfull uagb-is-root-container\"><div class=\"uagb-container-inner-blocks-wrap\">\n<div class=\"wp-block-uagb-image uagb-block-424e1e01 wp-block-uagb-image--layout-default wp-block-uagb-image--effect-static wp-block-uagb-image--align-none\"><figure class=\"wp-block-uagb-image__figure\"><img decoding=\"async\" srcset=\"https:\/\/speedstransfers.com\/wp-content\/uploads\/2025\/06\/pexels-photo-799443-799443-1.jpg ,https:\/\/speedstransfers.com\/wp-content\/uploads\/2025\/06\/pexels-photo-799443-799443-1.jpg 780w, https:\/\/speedstransfers.com\/wp-content\/uploads\/2025\/06\/pexels-photo-799443-799443-1.jpg 360w\" sizes=\"auto, (max-width: 480px) 150px\" src=\"https:\/\/speedstransfers.com\/wp-content\/uploads\/2025\/06\/pexels-photo-799443-799443-1.jpg\" alt=\"Creative blend of technology and nature with smartphone framing a bustling road through forest.\" class=\"uag-image-2991\" width=\"560\" height=\"450\" title=\"pexels-photo-799443-799443-1\" loading=\"lazy\" role=\"img\"\/><\/figure><\/div>\n\n\n\n<div class=\"wp-block-uagb-info-box uagb-block-b0ae75bf uagb-infobox__content-wrap  uagb-infobox-icon-above-title uagb-infobox-image-valign-top\"><div class=\"uagb-ifb-content\"><div class=\"uagb-ifb-title-wrap\"><span class=\"uagb-ifb-title-prefix\">Notre parcours<\/span><h2 class=\"uagb-ifb-title\">L'\u00e9volution de Speeds Transfers depuis sa cr\u00e9ation<\/h2><\/div><p class=\"uagb-ifb-desc\">Au <strong>Speeds Transfers<\/strong>- a Rhodes, nous proposons des prix fixes et abordables, sans frais cach\u00e9s, ce qui vous permet d'en avoir pour votre argent. Notre engagement \u00e0 satisfaire nos clients nous a valu une base de clients fid\u00e8les qui nous font confiance pour leurs besoins en mati\u00e8re de transport et d'excursions \u00e0 Rhodes.<br><br>Forts de notre succ\u00e8s en mati\u00e8re de location de voitures, nous sommes d\u00e9sormais fiers de proposer des transferts de luxe, des circuits personnalis\u00e9s et des transports de groupes, vous offrant ainsi encore plus de possibilit\u00e9s d'explorer l'\u00eele dans le confort et la commodit\u00e9.<\/p><\/div><\/div>\n<\/div><\/div>\n\n\n\n<div class=\"wp-block-uagb-container uagb-block-e48afbb0 alignfull uagb-is-root-container\"><div class=\"uagb-container-inner-blocks-wrap\">\n<div class=\"wp-block-uagb-info-box uagb-block-c1c19ed1 uagb-infobox__content-wrap  uagb-infobox-icon-above-title uagb-infobox-image-valign-top\"><div class=\"uagb-ifb-content\"><div class=\"uagb-ifb-title-wrap\"><span class=\"uagb-ifb-title-prefix\">Commen\u00e7ons<\/span><h2 class=\"uagb-ifb-title\">D\u00e9couvrez aujourd'hui le meilleur de l'\u00eele de Rhodes<\/h2><\/div><p class=\"uagb-ifb-desc\">Contactez-nous d\u00e8s maintenant au +30 22410 95595 pour commencer votre aventure et cr\u00e9er des souvenirs inoubliables avec Speeds Transfers.<\/p><div class=\"uagb-ifb-button-wrapper wp-block-button\"><a href=\"https:\/\/speedstransfers.com\/fr\/rhodes_transfers\/\" class=\"uagb-infobox-cta-link wp-block-button__link\" target=\"_self\" rel=\"noopener noreferrer\" onclick=\"return true;\"><span class=\"uagb-inline-editing\">R\u00e9server<\/span><\/a><\/div><\/div><\/div>\n<\/div><\/div>","protected":false},"excerpt":{"rendered":"<p>Speeds Transfers &#8211; luxury travel in rhodes Experience Unforgettable Journeys Across Rhodes Island Discover More Who We Are and What [&hellip;]<\/p>\n","protected":false},"author":1,"featured_media":0,"parent":0,"menu_order":0,"comment_status":"closed","ping_status":"closed","template":"","meta":{"_uag_custom_page_level_css":"","site-sidebar-layout":"default","site-content-layout":"","ast-site-content-layout":"default","site-content-style":"default","site-sidebar-style":"default","ast-global-header-display":"","ast-banner-title-visibility":"","ast-main-header-display":"","ast-hfb-above-header-display":"","ast-hfb-below-header-display":"","ast-hfb-mobile-header-display":"","site-post-title":"disabled","ast-breadcrumbs-content":"","ast-featured-img":"","footer-sml-layout":"","ast-disable-related-posts":"","theme-transparent-header-meta":"","adv-header-id-meta":"","stick-header-meta":"","header-above-stick-meta":"","header-main-stick-meta":"","header-below-stick-meta":"","astra-migrate-meta-layouts":"default","ast-page-background-enabled":"default","ast-page-background-meta":{"desktop":{"background-color":"var(--ast-global-color-4)","background-image":"","background-repeat":"repeat","background-position":"center center","background-size":"auto","background-attachment":"scroll","background-type":"","background-media":"","overlay-type":"","overlay-color":"","overlay-opacity":"","overlay-gradient":""},"tablet":{"background-color":"","background-image":"","background-repeat":"repeat","background-position":"center center","background-size":"auto","background-attachment":"scroll","background-type":"","background-media":"","overlay-type":"","overlay-color":"","overlay-opacity":"","overlay-gradient":""},"mobile":{"background-color":"","background-image":"","background-repeat":"repeat","background-position":"center center","background-size":"auto","background-attachment":"scroll","background-type":"","background-media":"","overlay-type":"","overlay-color":"","overlay-opacity":"","overlay-gradient":""}},"ast-content-background-meta":{"desktop":{"background-color":"var(--ast-global-color-5)","background-image":"","background-repeat":"repeat","background-position":"center center","background-size":"auto","background-attachment":"scroll","background-type":"","background-media":"","overlay-type":"","overlay-color":"","overlay-opacity":"","overlay-gradient":""},"tablet":{"background-color":"var(--ast-global-color-5)","background-image":"","background-repeat":"repeat","background-position":"center center","background-size":"auto","background-attachment":"scroll","background-type":"","background-media":"","overlay-type":"","overlay-color":"","overlay-opacity":"","overlay-gradient":""},"mobile":{"background-color":"var(--ast-global-color-5)","background-image":"","background-repeat":"repeat","background-position":"center center","background-size":"auto","background-attachment":"scroll","background-type":"","background-media":"","overlay-type":"","overlay-color":"","overlay-opacity":"","overlay-gradient":""}},"footnotes":""},"class_list":["post-32","page","type-page","status-publish","hentry"],"uagb_featured_image_src":{"full":false,"thumbnail":false,"medium":false,"medium_large":false,"large":false,"1536x1536":false,"2048x2048":false,"trp-custom-language-flag":false,"woocommerce_thumbnail":false,"woocommerce_single":false,"woocommerce_gallery_thumbnail":false},"uagb_author_info":{"display_name":"Stathis","author_link":"https:\/\/speedstransfers.com\/fr\/author\/ostathispgmail-com\/"},"uagb_comment_info":0,"uagb_excerpt":"Speeds Transfers &#8211; luxury travel in rhodes Experience Unforgettable Journeys Across Rhodes Island Discover More Who We Are and What [&hellip;]","_links":{"self":[{"href":"https:\/\/speedstransfers.com\/fr\/wp-json\/wp\/v2\/pages\/32","targetHints":{"allow":["GET"]}}],"collection":[{"href":"https:\/\/speedstransfers.com\/fr\/wp-json\/wp\/v2\/pages"}],"about":[{"href":"https:\/\/speedstransfers.com\/fr\/wp-json\/wp\/v2\/types\/page"}],"author":[{"embeddable":true,"href":"https:\/\/speedstransfers.com\/fr\/wp-json\/wp\/v2\/users\/1"}],"replies":[{"embeddable":true,"href":"https:\/\/speedstransfers.com\/fr\/wp-json\/wp\/v2\/comments?post=32"}],"version-history":[{"count":7,"href":"https:\/\/speedstransfers.com\/fr\/wp-json\/wp\/v2\/pages\/32\/revisions"}],"predecessor-version":[{"id":3177,"href":"https:\/\/speedstransfers.com\/fr\/wp-json\/wp\/v2\/pages\/32\/revisions\/3177"}],"wp:attachment":[{"href":"https:\/\/speedstransfers.com\/fr\/wp-json\/wp\/v2\/media?parent=32"}],"curies":[{"name":"wp","href":"https:\/\/api.w.org\/{rel}","templated":true}]}}