{"id":2872,"date":"2025-06-09T18:14:12","date_gmt":"2025-06-09T15:14:12","guid":{"rendered":"https:\/\/speedstransfers.com\/?page_id=2872"},"modified":"2025-07-19T03:07:12","modified_gmt":"2025-07-19T00:07:12","slug":"tours","status":"publish","type":"page","link":"https:\/\/speedstransfers.com\/fr\/tours\/","title":{"rendered":"Les visites guid\u00e9es"},"content":{"rendered":"<div class=\"wp-block-uagb-container uagb-block-85f35251 alignfull uagb-is-root-container\"><div class=\"uagb-container-inner-blocks-wrap\">\n<div class=\"wp-block-uagb-info-box uagb-block-8e1de871 uagb-infobox__content-wrap  uagb-infobox-icon-above-title uagb-infobox-image-valign-top\"><div class=\"uagb-ifb-content\"><div class=\"uagb-ifb-title-wrap\"><h2 class=\"uagb-ifb-title\">Rhodes - Visites priv\u00e9es \/ en groupe<\/h2><\/div><p class=\"uagb-ifb-desc\">D\u00e9couvrez nos passionnants circuits priv\u00e9s et en groupe \u00e0 Rhodes, o\u00f9 des exp\u00e9riences inoubliables vous attendent.<\/p><\/div><\/div>\n\n\n\n<div class=\"wp-block-uagb-container uagb-layout-grid uagb-block-1390413e\">\n<div class=\"wp-block-uagb-container uagb-block-60100b02\">\n<div class=\"wp-block-uagb-info-box uagb-block-7ed5a84c uagb-infobox__content-wrap  uagb-infobox-icon-above-title uagb-infobox-image-valign-top\"><div class=\"uagb-ifb-content\"><div class=\"uagb-ifb-title-wrap\"><h3 class=\"uagb-ifb-title\">D\u00e9couverte de l'\u00eele de Rhodes<\/h3><\/div><p class=\"uagb-ifb-desc\">D\u00e9couvrez les points forts de Rhodes gr\u00e2ce \u00e0 un circuit sur mesure pr\u00e9sentant ce que l'\u00eele a de mieux \u00e0 offrir.<br>Visitez les sources de Kallithea, Seven Springs et Lindos.<br><br>7 heures - 16 passagers maximum - 70\u20ac \/ personne<\/p><\/div><\/div>\n<\/div>\n\n\n\n<div class=\"wp-block-uagb-container uagb-block-efe6198e\">\n<div class=\"wp-block-uagb-info-box uagb-block-ba519ac7 uagb-infobox__content-wrap  uagb-infobox-icon-above-title uagb-infobox-image-valign-top\"><div class=\"uagb-ifb-content\"><div class=\"uagb-ifb-title-wrap\"><h3 class=\"uagb-ifb-title\">Voyage de d\u00e9gustation de vins et de soums<\/h3><\/div><p class=\"uagb-ifb-desc\">Profitez d'une exp\u00e9rience unique de d\u00e9gustation de vins sur l'\u00eele de Rhodes avec nos guides experts.<\/p><\/div><\/div>\n<\/div>\n\n\n\n<div class=\"wp-block-uagb-container uagb-block-20ffa000\">\n<div class=\"wp-block-uagb-info-box uagb-block-e8d651e1 uagb-infobox__content-wrap  uagb-infobox-icon-above-title uagb-infobox-image-valign-top\"><div class=\"uagb-ifb-content\"><div class=\"uagb-ifb-title-wrap\"><h3 class=\"uagb-ifb-title\">Explorer Lindos<\/h3><\/div><p class=\"uagb-ifb-desc\">D\u00e9couvrez les points forts de Rhodes gr\u00e2ce \u00e0 un circuit sur mesure pr\u00e9sentant ce que l'\u00eele a de mieux \u00e0 offrir.<\/p><\/div><\/div>\n<\/div>\n\n\n\n<div class=\"wp-block-uagb-container uagb-block-0c44d6c8\">\n<div class=\"wp-block-uagb-info-box uagb-block-10f51dc7 uagb-infobox__content-wrap  uagb-infobox-icon-above-title uagb-infobox-image-valign-top\"><div class=\"uagb-ifb-content\"><div class=\"uagb-ifb-title-wrap\"><h3 class=\"uagb-ifb-title\">L'\u00e9vasion au soleil<\/h3><\/div><p class=\"uagb-ifb-desc\">Commencez votre aventure \u00e0 Rhodes sans souci gr\u00e2ce \u00e0 nos services de transfert a\u00e9roportuaires confortables et fiables.<\/p><\/div><\/div>\n<\/div>\n\n\n\n<div class=\"wp-block-uagb-container uagb-block-d3322d6c\">\n<div class=\"wp-block-uagb-info-box uagb-block-df8dde7f uagb-infobox__content-wrap  uagb-infobox-icon-above-title uagb-infobox-image-valign-top\"><div class=\"uagb-ifb-content\"><div class=\"uagb-ifb-title-wrap\"><h3 class=\"uagb-ifb-title\">Visite familiale<\/h3><\/div><p class=\"uagb-ifb-desc\">Profitez d'une journ\u00e9e d'aventure en famille avec notre <strong>Tourn\u00e9e familiale<\/strong>! Visitez le parc aquatique \u00e0 sensations, explorez la charmante vieille ville de Rhodes, d\u00e9tendez-vous sur les belles plages et rencontrez les animaux au zoo de Rhodes. Un m\u00e9lange parfait d'amusement et de d\u00e9tente pour tous les \u00e2ges !<\/p><\/div><\/div>\n<\/div>\n<\/div>\n<\/div><\/div>","protected":false},"excerpt":{"rendered":"","protected":false},"author":1,"featured_media":0,"parent":0,"menu_order":0,"comment_status":"closed","ping_status":"closed","template":"","meta":{"_uag_custom_page_level_css":"","site-sidebar-layout":"default","site-content-layout":"","ast-site-content-layout":"","site-content-style":"default","site-sidebar-style":"default","ast-global-header-display":"","ast-banner-title-visibility":"","ast-main-header-display":"","ast-hfb-above-header-display":"","ast-hfb-below-header-display":"","ast-hfb-mobile-header-display":"","site-post-title":"disabled","ast-breadcrumbs-content":"","ast-featured-img":"","footer-sml-layout":"","ast-disable-related-posts":"","theme-transparent-header-meta":"","adv-header-id-meta":"","stick-header-meta":"","header-above-stick-meta":"","header-main-stick-meta":"","header-below-stick-meta":"","astra-migrate-meta-layouts":"default","ast-page-background-enabled":"default","ast-page-background-meta":{"desktop":{"background-color":"var(--ast-global-color-4)","background-image":"","background-repeat":"repeat","background-position":"center center","background-size":"auto","background-attachment":"scroll","background-type":"","background-media":"","overlay-type":"","overlay-color":"","overlay-opacity":"","overlay-gradient":""},"tablet":{"background-color":"","background-image":"","background-repeat":"repeat","background-position":"center center","background-size":"auto","background-attachment":"scroll","background-type":"","background-media":"","overlay-type":"","overlay-color":"","overlay-opacity":"","overlay-gradient":""},"mobile":{"background-color":"","background-image":"","background-repeat":"repeat","background-position":"center center","background-size":"auto","background-attachment":"scroll","background-type":"","background-media":"","overlay-type":"","overlay-color":"","overlay-opacity":"","overlay-gradient":""}},"ast-content-background-meta":{"desktop":{"background-color":"var(--ast-global-color-5)","background-image":"","background-repeat":"repeat","background-position":"center center","background-size":"auto","background-attachment":"scroll","background-type":"","background-media":"","overlay-type":"","overlay-color":"","overlay-opacity":"","overlay-gradient":""},"tablet":{"background-color":"var(--ast-global-color-5)","background-image":"","background-repeat":"repeat","background-position":"center center","background-size":"auto","background-attachment":"scroll","background-type":"","background-media":"","overlay-type":"","overlay-color":"","overlay-opacity":"","overlay-gradient":""},"mobile":{"background-color":"var(--ast-global-color-5)","background-image":"","background-repeat":"repeat","background-position":"center center","background-size":"auto","background-attachment":"scroll","background-type":"","background-media":"","overlay-type":"","overlay-color":"","overlay-opacity":"","overlay-gradient":""}},"footnotes":""},"class_list":["post-2872","page","type-page","status-publish","hentry"],"uagb_featured_image_src":{"full":false,"thumbnail":false,"medium":false,"medium_large":false,"large":false,"1536x1536":false,"2048x2048":false,"trp-custom-language-flag":false,"woocommerce_thumbnail":false,"woocommerce_single":false,"woocommerce_gallery_thumbnail":false},"uagb_author_info":{"display_name":"Stathis","author_link":"https:\/\/speedstransfers.com\/fr\/author\/ostathispgmail-com\/"},"uagb_comment_info":0,"uagb_excerpt":null,"_links":{"self":[{"href":"https:\/\/speedstransfers.com\/fr\/wp-json\/wp\/v2\/pages\/2872","targetHints":{"allow":["GET"]}}],"collection":[{"href":"https:\/\/speedstransfers.com\/fr\/wp-json\/wp\/v2\/pages"}],"about":[{"href":"https:\/\/speedstransfers.com\/fr\/wp-json\/wp\/v2\/types\/page"}],"author":[{"embeddable":true,"href":"https:\/\/speedstransfers.com\/fr\/wp-json\/wp\/v2\/users\/1"}],"replies":[{"embeddable":true,"href":"https:\/\/speedstransfers.com\/fr\/wp-json\/wp\/v2\/comments?post=2872"}],"version-history":[{"count":7,"href":"https:\/\/speedstransfers.com\/fr\/wp-json\/wp\/v2\/pages\/2872\/revisions"}],"predecessor-version":[{"id":2973,"href":"https:\/\/speedstransfers.com\/fr\/wp-json\/wp\/v2\/pages\/2872\/revisions\/2973"}],"wp:attachment":[{"href":"https:\/\/speedstransfers.com\/fr\/wp-json\/wp\/v2\/media?parent=2872"}],"curies":[{"name":"wp","href":"https:\/\/api.w.org\/{rel}","templated":true}]}}