{"id":2773,"date":"2025-05-31T04:07:02","date_gmt":"2025-05-31T01:07:02","guid":{"rendered":"https:\/\/speedstransfers.com\/services\/"},"modified":"2025-07-20T03:44:03","modified_gmt":"2025-07-20T00:44:03","slug":"services","status":"publish","type":"page","link":"https:\/\/speedstransfers.com\/fr\/services\/","title":{"rendered":"Services"},"content":{"rendered":"<div class=\"wp-block-uagb-container uagb-block-cd2bf25d alignfull uagb-is-root-container\"><div class=\"uagb-container-inner-blocks-wrap\">\n<div class=\"wp-block-uagb-advanced-heading uagb-block-26b518ac\"><p class=\"uagb-desc-text\">Services de transfert de Rhodes<\/p><h1 class=\"uagb-heading-text\">Votre premier choix pour les transferts et les visites<\/h1><\/div>\n<\/div><\/div>\n\n\n\n<div class=\"wp-block-uagb-container uagb-block-bfbde338 alignfull uagb-is-root-container\"><div class=\"uagb-container-inner-blocks-wrap\">\n<div class=\"wp-block-uagb-container uagb-layout-grid uagb-block-7b2f38d6\">\n<div class=\"wp-block-uagb-image uagb-block-31236d45 wp-block-uagb-image--layout-default wp-block-uagb-image--effect-static wp-block-uagb-image--align-none\"><figure class=\"wp-block-uagb-image__figure\"><img decoding=\"async\" srcset=\"https:\/\/speedstransfers.com\/wp-content\/uploads\/2025\/05\/pexels-photo-32346739-32346739.jpg ,https:\/\/speedstransfers.com\/wp-content\/uploads\/2025\/05\/pexels-photo-32346739-32346739.jpg 780w, https:\/\/speedstransfers.com\/wp-content\/uploads\/2025\/05\/pexels-photo-32346739-32346739.jpg 360w\" sizes=\"auto, (max-width: 480px) 150px\" src=\"https:\/\/speedstransfers.com\/wp-content\/uploads\/2025\/05\/pexels-photo-32346739-32346739.jpg\" alt=\"Detailed black and white shot of an airplane landing gear on tarmac, showcasing mechanical components.\" class=\"uag-image-2820\" width=\"430\" height=\"400\" title=\"pexels-photo-32346739-32346739\" loading=\"lazy\" role=\"img\"\/><\/figure><\/div>\n\n\n\n<div class=\"wp-block-uagb-container uagb-block-928a747a\">\n<div class=\"wp-block-uagb-info-box uagb-block-5cee2c08 uagb-infobox__content-wrap  uagb-infobox-icon-above-title uagb-infobox-image-valign-top\"><div class=\"uagb-ifb-content\"><div class=\"uagb-ifb-title-wrap\"><h2 class=\"uagb-ifb-title-prefix\">01<\/h2><h3 class=\"uagb-ifb-title\">Transferts depuis l'a\u00e9roport<\/h3><\/div><p class=\"uagb-ifb-desc\"><strong>Arrivez \u00e0 votre destination facilement et confortablement gr\u00e2ce \u00e0 nos services de transfert a\u00e9roportuaire.<\/strong> Nos chauffeurs professionnels vous accueilleront \u00e0 votre arriv\u00e9e et vous conduiront sans encombre jusqu'\u00e0 votre lieu d'h\u00e9bergement. Vous b\u00e9n\u00e9ficiez de tarifs fixes et transparents, sans frais cach\u00e9s, ce qui vous permet de vous d\u00e9tendre et de vous concentrer sur ce qui compte le plus : votre voyage.<\/p><\/div><\/div>\n<\/div>\n<\/div>\n\n\n\n<div class=\"wp-block-uagb-container uagb-layout-grid uagb-block-24328522\">\n<div class=\"wp-block-uagb-container uagb-block-a52d84c5\">\n<div class=\"wp-block-uagb-info-box uagb-block-7c50d344 uagb-infobox__content-wrap  uagb-infobox-icon-above-title uagb-infobox-image-valign-top\"><div class=\"uagb-ifb-content\"><div class=\"uagb-ifb-title-wrap\"><h2 class=\"uagb-ifb-title-prefix\">02<\/h2><h3 class=\"uagb-ifb-title\">Visites priv\u00e9es<\/h3><\/div><p class=\"uagb-ifb-desc\">Nos visites priv\u00e9es vous permettent d'explorer Rhodes \u00e0 votre propre rythme. Des ruines antiques aux villages pittoresques, nos guides comp\u00e9tents vous donneront des informations et des anecdotes qui enrichiront votre exp\u00e9rience. Vous pouvez choisir les destinations et la dur\u00e9e, ce qui rend votre aventure vraiment unique et adapt\u00e9e \u00e0 vos int\u00e9r\u00eats.<\/p><\/div><\/div>\n<\/div>\n\n\n\n<div class=\"wp-block-uagb-image uagb-block-fd50ef9c wp-block-uagb-image--layout-default wp-block-uagb-image--effect-static wp-block-uagb-image--align-none\"><figure class=\"wp-block-uagb-image__figure\"><img decoding=\"async\" srcset=\"https:\/\/speedstransfers.com\/wp-content\/uploads\/2025\/05\/pexels-photo-26241953-678x1024.jpeg ,https:\/\/speedstransfers.com\/wp-content\/uploads\/2025\/05\/pexels-photo-26241953.jpeg 780w, https:\/\/speedstransfers.com\/wp-content\/uploads\/2025\/05\/pexels-photo-26241953.jpeg 360w\" sizes=\"auto, (max-width: 480px) 150px\" src=\"https:\/\/speedstransfers.com\/wp-content\/uploads\/2025\/05\/pexels-photo-26241953-678x1024.jpeg\" alt=\"Explore a medieval cobblestone alley in Rhodes, Greece, with stone arches and walls.\" class=\"uag-image-2754\" width=\"430\" height=\"400\" title=\"pexels-photo-26241953\" loading=\"lazy\" role=\"img\"\/><\/figure><\/div>\n<\/div>\n\n\n\n<div class=\"wp-block-uagb-container uagb-layout-grid uagb-block-b1152c5b\">\n<div class=\"wp-block-uagb-image uagb-block-fa1428a5 wp-block-uagb-image--layout-default wp-block-uagb-image--effect-static wp-block-uagb-image--align-none\"><figure class=\"wp-block-uagb-image__figure\"><img decoding=\"async\" srcset=\"https:\/\/speedstransfers.com\/wp-content\/uploads\/2025\/05\/pexels-photo-853168-1024x674.jpeg ,https:\/\/speedstransfers.com\/wp-content\/uploads\/2025\/05\/pexels-photo-853168.jpeg 780w, https:\/\/speedstransfers.com\/wp-content\/uploads\/2025\/05\/pexels-photo-853168.jpeg 360w\" sizes=\"auto, (max-width: 480px) 150px\" src=\"https:\/\/speedstransfers.com\/wp-content\/uploads\/2025\/05\/pexels-photo-853168-1024x674.jpeg\" alt=\"A diverse group of friends raises their arms in celebration against a vibrant sunset backdrop.\" class=\"uag-image-2756\" width=\"430\" height=\"400\" title=\"pexels-photo-853168\" loading=\"lazy\" role=\"img\"\/><\/figure><\/div>\n\n\n\n<div class=\"wp-block-uagb-container uagb-block-ac38472a\">\n<div class=\"wp-block-uagb-info-box uagb-block-7266dcd1 uagb-infobox__content-wrap  uagb-infobox-icon-above-title uagb-infobox-image-valign-top\"><div class=\"uagb-ifb-content\"><div class=\"uagb-ifb-title-wrap\"><h2 class=\"uagb-ifb-title-prefix\">03<\/h2><h3 class=\"uagb-ifb-title\">Voyages en groupe<\/h3><\/div><p class=\"uagb-ifb-desc\">Participez \u00e0 nos visites en groupe pour une exp\u00e9rience interactive et conviviale. Parfaits pour les familles ou les amis, ces circuits sont con\u00e7us pour offrir une exploration attrayante des points forts de Rhodes. Voyagez confortablement en d\u00e9couvrant la culture locale, l'histoire et les joyaux cach\u00e9s tout en profitant de la compagnie de vos compagnons de voyage.<\/p><\/div><\/div>\n<\/div>\n<\/div>\n\n\n\n<div class=\"wp-block-uagb-container uagb-layout-grid uagb-block-053eb305\">\n<div class=\"wp-block-uagb-container uagb-block-8abd9bda\">\n<div class=\"wp-block-uagb-info-box uagb-block-094b2059 uagb-infobox__content-wrap  uagb-infobox-icon-above-title uagb-infobox-image-valign-top\"><div class=\"uagb-ifb-content\"><div class=\"uagb-ifb-title-wrap\"><h2 class=\"uagb-ifb-title-prefix\">04<\/h2><h3 class=\"uagb-ifb-title\">Transferts de luxe<\/h3><\/div><p class=\"uagb-ifb-desc\">Nos transferts de luxe vous permettent de commencer votre voyage en toute s\u00e9r\u00e9nit\u00e9. Dot\u00e9s de si\u00e8ges confortables et d'un espace g\u00e9n\u00e9reux, nos v\u00e9hicules garantissent un trajet agr\u00e9able, que vous voyagiez seul ou en groupe. Nous r\u00e9pondons \u00e0 tous vos besoins en mati\u00e8re de transport, afin que vous arriviez \u00e0 votre destination frais et dispos, pr\u00eat \u00e0 explorer. Toujours accompagn\u00e9 d'une bouteille d'eau fra\u00eeche !<\/p><\/div><\/div>\n<\/div>\n\n\n\n<div class=\"wp-block-uagb-image uagb-block-e829ce47 wp-block-uagb-image--layout-default wp-block-uagb-image--effect-static wp-block-uagb-image--align-none\"><figure class=\"wp-block-uagb-image__figure\"><img decoding=\"async\" srcset=\"https:\/\/speedstransfers.com\/wp-content\/uploads\/2025\/05\/pexels-photo-140227.jpeg ,https:\/\/speedstransfers.com\/wp-content\/uploads\/2025\/05\/pexels-photo-140227.jpeg 780w, https:\/\/speedstransfers.com\/wp-content\/uploads\/2025\/05\/pexels-photo-140227.jpeg 360w\" sizes=\"auto, (max-width: 480px) 150px\" src=\"https:\/\/speedstransfers.com\/wp-content\/uploads\/2025\/05\/pexels-photo-140227.jpeg\" alt=\"\" class=\"uag-image-2749\" width=\"430\" height=\"400\" title=\"services-04\" loading=\"lazy\" role=\"img\"\/><\/figure><\/div>\n<\/div>\n\n\n\n<div class=\"wp-block-uagb-container uagb-layout-grid uagb-block-d4e02c07 alignfull uagb-is-root-container\"><div class=\"uagb-container-inner-blocks-wrap\">\n<div class=\"wp-block-uagb-image uagb-block-633c6112 wp-block-uagb-image--layout-default wp-block-uagb-image--effect-static wp-block-uagb-image--align-none\"><figure class=\"wp-block-uagb-image__figure\"><img decoding=\"async\" srcset=\"https:\/\/speedstransfers.com\/wp-content\/uploads\/2025\/06\/Rent-a-car-rhodes-Renault-Clio-Manual.jpg ,https:\/\/speedstransfers.com\/wp-content\/uploads\/2025\/06\/Rent-a-car-rhodes-Renault-Clio-Manual.jpg 780w, https:\/\/speedstransfers.com\/wp-content\/uploads\/2025\/06\/Rent-a-car-rhodes-Renault-Clio-Manual.jpg 360w\" sizes=\"auto, (max-width: 480px) 150px\" src=\"https:\/\/speedstransfers.com\/wp-content\/uploads\/2025\/06\/Rent-a-car-rhodes-Renault-Clio-Manual.jpg\" alt=\"\" class=\"uag-image-3000\" width=\"430\" height=\"400\" title=\"Rent-a-car-rhodes-Renault-Clio-Manuel\" loading=\"lazy\" role=\"img\"\/><\/figure><\/div>\n\n\n\n<div class=\"wp-block-uagb-container uagb-block-654e3983\">\n<div class=\"wp-block-uagb-info-box uagb-block-66c6e480 uagb-infobox__content-wrap  uagb-infobox-icon-above-title uagb-infobox-image-valign-top\"><div class=\"uagb-ifb-content\"><div class=\"uagb-ifb-title-wrap\"><h2 class=\"uagb-ifb-title-prefix\">05<\/h2><h3 class=\"uagb-ifb-title\">Services de location de voitures<\/h3><\/div><p class=\"uagb-ifb-desc\">Explorez les paysages \u00e9poustouflants et la riche histoire de l'\u00eele de Rhodes \u00e0 votre rythme gr\u00e2ce \u00e0 nos services de location de voitures. Que vous souhaitiez visiter des ruines antiques, vous d\u00e9tendre sur de belles plages ou d\u00e9couvrir de charmants villages, le fait d'avoir votre propre v\u00e9hicule vous permet de b\u00e9n\u00e9ficier d'une plus grande flexibilit\u00e9 et d'une plus grande libert\u00e9.<\/p><\/div><\/div>\n<\/div>\n<\/div><\/div>\n<\/div><\/div>\n\n\n\n<div class=\"wp-block-uagb-advanced-heading uagb-block-c26580af\"><h2 class=\"uagb-heading-text\">SPEEDS TRANSFERS - LES MEILLEURS SERVICES DE TRANSFERT DE RHODES<\/h2><\/div>\n\n\n\n<div class=\"wp-block-uagb-container uagb-block-3ec55aa1 alignfull uagb-is-root-container\"><div class=\"uagb-container-inner-blocks-wrap\">\n<div class=\"wp-block-uagb-advanced-heading uagb-block-6c99ecb0\"><p class=\"uagb-desc-text\">Processus de r\u00e9servation simple<\/p><h2 class=\"uagb-heading-text\">Comment notre service fonctionne pour vous<\/h2><\/div>\n\n\n\n<div class=\"wp-block-uagb-container uagb-layout-grid uagb-block-029f1971\">\n<div class=\"wp-block-uagb-image alignleft uagb-block-722b2568 wp-block-uagb-image--layout-default wp-block-uagb-image--effect-static wp-block-uagb-image--align-left\"><figure class=\"wp-block-uagb-image__figure\"><img decoding=\"async\" srcset=\"https:\/\/speedstransfers.com\/wp-content\/uploads\/2025\/05\/pexels-photo-5553045-5553045-2.jpg ,https:\/\/speedstransfers.com\/wp-content\/uploads\/2025\/05\/pexels-photo-5553045-5553045-2.jpg 780w, https:\/\/speedstransfers.com\/wp-content\/uploads\/2025\/05\/pexels-photo-5553045-5553045-2.jpg 360w\" sizes=\"auto, (max-width: 480px) 150px\" src=\"https:\/\/speedstransfers.com\/wp-content\/uploads\/2025\/05\/pexels-photo-5553045-5553045-2.jpg\" alt=\"A young man sits on the grass studying with a laptop in a park setting.\" class=\"uag-image-2823\" width=\"550\" height=\"575\" title=\"pexels-photo-5553045-5553045-2\" loading=\"lazy\" role=\"img\"\/><\/figure><\/div>\n\n\n\n<div class=\"wp-block-uagb-container uagb-block-c74537da\">\n<div class=\"wp-block-uagb-info-box uagb-block-b0ae75bf uagb-infobox__content-wrap  uagb-infobox-icon-above-title uagb-infobox-image-valign-top\"><div class=\"uagb-ifb-content\"><div class=\"uagb-ifb-title-wrap\"><span class=\"uagb-ifb-title-prefix\">\u00c9tape 01<\/span><h3 class=\"uagb-ifb-title\">S\u00e9lectionner<\/h3><\/div><p class=\"uagb-ifb-desc\">S\u00e9lectionnez votre service de transfert ou d'excursion pr\u00e9f\u00e9r\u00e9 et votre destination parmi notre gamme d'options, avec des prix bas\u00e9s sur des tarifs fixes ou sur la distance sur la carte. R\u00e9servez directement sur notre site pour une exp\u00e9rience sans faille.<br><a href=\"https:\/\/speedstransfers.com\/fr\/transport_booking_manual\/\" data-type=\"link\" data-id=\"https:\/\/speedstransfers.com\/transport_booking_manual\/\">LES TRANSFERTS A\u00c9ROPORT\/PORT <\/a>| <a href=\"https:\/\/speedstransfers.com\/fr\/transport_booking\/\" data-type=\"link\" data-id=\"https:\/\/speedstransfers.com\/transport_booking\/\">TRANSFERTS A-B<\/a> | <a href=\"https:\/\/speedsrentacar.com\/\" data-type=\"link\" data-id=\"https:\/\/speedsrentacar.com\/\" rel=\"noopener\">LOUER UNE VOITURE -<\/a><\/p><div class=\"uagb-ifb-separator\"><\/div><\/div><\/div>\n\n\n\n<div class=\"wp-block-uagb-info-box uagb-block-413a2fe7 uagb-infobox__content-wrap  uagb-infobox-icon-above-title uagb-infobox-image-valign-top\"><div class=\"uagb-ifb-content\"><div class=\"uagb-ifb-title-wrap\"><span class=\"uagb-ifb-title-prefix\">\u00c9tape 02<\/span><h3 class=\"uagb-ifb-title\">R\u00e9server en ligne<\/h3><\/div><p class=\"uagb-ifb-desc\">Effectuez votre r\u00e9servation par le biais de notre syst\u00e8me s\u00e9curis\u00e9, en confirmant vos arrangements de voyage et vos pr\u00e9f\u00e9rences personnelles.<\/p><div class=\"uagb-ifb-separator\"><\/div><\/div><\/div>\n\n\n\n<div class=\"wp-block-uagb-info-box uagb-block-459491ac uagb-infobox__content-wrap  uagb-infobox-icon-above-title uagb-infobox-image-valign-top\"><div class=\"uagb-ifb-content\"><div class=\"uagb-ifb-title-wrap\"><span class=\"uagb-ifb-title-prefix\">\u00c9tape 03<\/span><h3 class=\"uagb-ifb-title\">Appr\u00e9ciez<\/h3><\/div><p class=\"uagb-ifb-desc\">D\u00e9tendez-vous et profitez de votre voyage gr\u00e2ce \u00e0 nos chauffeurs professionnels et \u00e0 nos v\u00e9hicules confortables, qui vous garantissent une exp\u00e9rience m\u00e9morable.<\/p><\/div><\/div>\n<\/div>\n<\/div>\n<\/div><\/div>\n\n\n\n<div class=\"wp-block-uagb-container uagb-block-e48afbb0 alignfull uagb-is-root-container\"><div class=\"uagb-container-inner-blocks-wrap\">\n<div class=\"wp-block-uagb-info-box uagb-block-c1c19ed1 uagb-infobox__content-wrap  uagb-infobox-icon-above-title uagb-infobox-image-valign-top\"><div class=\"uagb-ifb-content\"><div class=\"uagb-ifb-title-wrap\"><span class=\"uagb-ifb-title-prefix\">Commen\u00e7ons<\/span><h2 class=\"uagb-ifb-title\">D\u00e9couvrez aujourd'hui le meilleur de l'\u00eele de Rhodes<\/h2><\/div><p class=\"uagb-ifb-desc\">Contactez-nous d\u00e8s maintenant au +30 22410 95595 pour commencer votre aventure et cr\u00e9er des souvenirs inoubliables avec Speeds Transfers.<\/p><div class=\"uagb-ifb-button-wrapper wp-block-button\"><a href=\"https:\/\/speedstransfers.com\/fr\/rhodes_transfers\/\" class=\"uagb-infobox-cta-link wp-block-button__link\" target=\"_self\" rel=\"noopener noreferrer\" onclick=\"return true;\"><span class=\"uagb-inline-editing\">R\u00e9server<\/span><\/a><\/div><\/div><\/div>\n<\/div><\/div>","protected":false},"excerpt":{"rendered":"<p>Rhodes Transfer Services Your Premier Choice for Transfers and Tours SPEEDS TRANSFERS &#8211; THE BEST RHODES TRANSFER SERVICES Simple Booking [&hellip;]<\/p>\n","protected":false},"author":1,"featured_media":0,"parent":0,"menu_order":0,"comment_status":"closed","ping_status":"closed","template":"","meta":{"_uag_custom_page_level_css":"","site-sidebar-layout":"default","site-content-layout":"","ast-site-content-layout":"default","site-content-style":"default","site-sidebar-style":"default","ast-global-header-display":"","ast-banner-title-visibility":"","ast-main-header-display":"","ast-hfb-above-header-display":"","ast-hfb-below-header-display":"","ast-hfb-mobile-header-display":"","site-post-title":"disabled","ast-breadcrumbs-content":"","ast-featured-img":"","footer-sml-layout":"","ast-disable-related-posts":"","theme-transparent-header-meta":"","adv-header-id-meta":"","stick-header-meta":"","header-above-stick-meta":"","header-main-stick-meta":"","header-below-stick-meta":"","astra-migrate-meta-layouts":"default","ast-page-background-enabled":"default","ast-page-background-meta":{"desktop":{"background-color":"var(--ast-global-color-4)","background-image":"","background-repeat":"repeat","background-position":"center center","background-size":"auto","background-attachment":"scroll","background-type":"","background-media":"","overlay-type":"","overlay-color":"","overlay-opacity":"","overlay-gradient":""},"tablet":{"background-color":"","background-image":"","background-repeat":"repeat","background-position":"center center","background-size":"auto","background-attachment":"scroll","background-type":"","background-media":"","overlay-type":"","overlay-color":"","overlay-opacity":"","overlay-gradient":""},"mobile":{"background-color":"","background-image":"","background-repeat":"repeat","background-position":"center center","background-size":"auto","background-attachment":"scroll","background-type":"","background-media":"","overlay-type":"","overlay-color":"","overlay-opacity":"","overlay-gradient":""}},"ast-content-background-meta":{"desktop":{"background-color":"var(--ast-global-color-5)","background-image":"","background-repeat":"repeat","background-position":"center center","background-size":"auto","background-attachment":"scroll","background-type":"","background-media":"","overlay-type":"","overlay-color":"","overlay-opacity":"","overlay-gradient":""},"tablet":{"background-color":"var(--ast-global-color-5)","background-image":"","background-repeat":"repeat","background-position":"center center","background-size":"auto","background-attachment":"scroll","background-type":"","background-media":"","overlay-type":"","overlay-color":"","overlay-opacity":"","overlay-gradient":""},"mobile":{"background-color":"var(--ast-global-color-5)","background-image":"","background-repeat":"repeat","background-position":"center center","background-size":"auto","background-attachment":"scroll","background-type":"","background-media":"","overlay-type":"","overlay-color":"","overlay-opacity":"","overlay-gradient":""}},"footnotes":""},"class_list":["post-2773","page","type-page","status-publish","hentry"],"uagb_featured_image_src":{"full":false,"thumbnail":false,"medium":false,"medium_large":false,"large":false,"1536x1536":false,"2048x2048":false,"trp-custom-language-flag":false,"woocommerce_thumbnail":false,"woocommerce_single":false,"woocommerce_gallery_thumbnail":false},"uagb_author_info":{"display_name":"Stathis","author_link":"https:\/\/speedstransfers.com\/fr\/author\/ostathispgmail-com\/"},"uagb_comment_info":0,"uagb_excerpt":"Rhodes Transfer Services Your Premier Choice for Transfers and Tours SPEEDS TRANSFERS &#8211; THE BEST RHODES TRANSFER SERVICES Simple Booking [&hellip;]","_links":{"self":[{"href":"https:\/\/speedstransfers.com\/fr\/wp-json\/wp\/v2\/pages\/2773","targetHints":{"allow":["GET"]}}],"collection":[{"href":"https:\/\/speedstransfers.com\/fr\/wp-json\/wp\/v2\/pages"}],"about":[{"href":"https:\/\/speedstransfers.com\/fr\/wp-json\/wp\/v2\/types\/page"}],"author":[{"embeddable":true,"href":"https:\/\/speedstransfers.com\/fr\/wp-json\/wp\/v2\/users\/1"}],"replies":[{"embeddable":true,"href":"https:\/\/speedstransfers.com\/fr\/wp-json\/wp\/v2\/comments?post=2773"}],"version-history":[{"count":5,"href":"https:\/\/speedstransfers.com\/fr\/wp-json\/wp\/v2\/pages\/2773\/revisions"}],"predecessor-version":[{"id":3118,"href":"https:\/\/speedstransfers.com\/fr\/wp-json\/wp\/v2\/pages\/2773\/revisions\/3118"}],"wp:attachment":[{"href":"https:\/\/speedstransfers.com\/fr\/wp-json\/wp\/v2\/media?parent=2773"}],"curies":[{"name":"wp","href":"https:\/\/api.w.org\/{rel}","templated":true}]}}