{"id":2872,"date":"2025-06-09T18:14:12","date_gmt":"2025-06-09T15:14:12","guid":{"rendered":"https:\/\/speedstransfers.com\/?page_id=2872"},"modified":"2025-07-19T03:07:12","modified_gmt":"2025-07-19T00:07:12","slug":"tours","status":"publish","type":"page","link":"https:\/\/speedstransfers.com\/de\/tours\/","title":{"rendered":"Touren"},"content":{"rendered":"<div class=\"wp-block-uagb-container uagb-block-85f35251 alignfull uagb-is-root-container\"><div class=\"uagb-container-inner-blocks-wrap\">\n<div class=\"wp-block-uagb-info-box uagb-block-8e1de871 uagb-infobox__content-wrap  uagb-infobox-icon-above-title uagb-infobox-image-valign-top\"><div class=\"uagb-ifb-content\"><div class=\"uagb-ifb-title-wrap\"><h2 class=\"uagb-ifb-title\">Rhodos Privat-\/Gruppenreisen<\/h2><\/div><p class=\"uagb-ifb-desc\">Entdecken Sie unsere aufregenden Privat- und Gruppenreisen nach Rhodos, wo unvergessliche Erlebnisse auf Sie warten.<\/p><\/div><\/div>\n\n\n\n<div class=\"wp-block-uagb-container uagb-layout-grid uagb-block-1390413e\">\n<div class=\"wp-block-uagb-container uagb-block-60100b02\">\n<div class=\"wp-block-uagb-info-box uagb-block-7ed5a84c uagb-infobox__content-wrap  uagb-infobox-icon-above-title uagb-infobox-image-valign-top\"><div class=\"uagb-ifb-content\"><div class=\"uagb-ifb-title-wrap\"><h3 class=\"uagb-ifb-title\">Entdeckung der Insel Rhodos<\/h3><\/div><p class=\"uagb-ifb-desc\">Entdecken Sie die Highlights von Rhodos auf einer ma\u00dfgeschneiderten Tour, die das Beste zeigt, was die Insel zu bieten hat.<br>Besuchen Sie die Quellen von Kallithea, Sieben Quellen und Lindos.<br><br>7 Stunden - 16 maximale Passagiere - 70\u20ac \/ Person<\/p><\/div><\/div>\n<\/div>\n\n\n\n<div class=\"wp-block-uagb-container uagb-block-efe6198e\">\n<div class=\"wp-block-uagb-info-box uagb-block-ba519ac7 uagb-infobox__content-wrap  uagb-infobox-icon-above-title uagb-infobox-image-valign-top\"><div class=\"uagb-ifb-content\"><div class=\"uagb-ifb-title-wrap\"><h3 class=\"uagb-ifb-title\">Wein\/Souma-Verkostungsreise<\/h3><\/div><p class=\"uagb-ifb-desc\">G\u00f6nnen Sie sich eine einzigartige Weinverkostung auf der Insel Rhodos mit unseren fachkundigen F\u00fchrern.<\/p><\/div><\/div>\n<\/div>\n\n\n\n<div class=\"wp-block-uagb-container uagb-block-20ffa000\">\n<div class=\"wp-block-uagb-info-box uagb-block-e8d651e1 uagb-infobox__content-wrap  uagb-infobox-icon-above-title uagb-infobox-image-valign-top\"><div class=\"uagb-ifb-content\"><div class=\"uagb-ifb-title-wrap\"><h3 class=\"uagb-ifb-title\">Lindos erkunden<\/h3><\/div><p class=\"uagb-ifb-desc\">Entdecken Sie die Highlights von Rhodos auf einer ma\u00dfgeschneiderten Tour, die das Beste zeigt, was die Insel zu bieten hat.<\/p><\/div><\/div>\n<\/div>\n\n\n\n<div class=\"wp-block-uagb-container uagb-block-0c44d6c8\">\n<div class=\"wp-block-uagb-info-box uagb-block-10f51dc7 uagb-infobox__content-wrap  uagb-infobox-icon-above-title uagb-infobox-image-valign-top\"><div class=\"uagb-ifb-content\"><div class=\"uagb-ifb-title-wrap\"><h3 class=\"uagb-ifb-title\">Sonnengek\u00fcsste Flucht<\/h3><\/div><p class=\"uagb-ifb-desc\">Beginnen Sie Ihr Rhodos-Abenteuer problemlos mit unserem komfortablen und zuverl\u00e4ssigen Flughafentransfer.<\/p><\/div><\/div>\n<\/div>\n\n\n\n<div class=\"wp-block-uagb-container uagb-block-d3322d6c\">\n<div class=\"wp-block-uagb-info-box uagb-block-df8dde7f uagb-infobox__content-wrap  uagb-infobox-icon-above-title uagb-infobox-image-valign-top\"><div class=\"uagb-ifb-content\"><div class=\"uagb-ifb-title-wrap\"><h3 class=\"uagb-ifb-title\">Familienfreundliche Tour<\/h3><\/div><p class=\"uagb-ifb-desc\">Genie\u00dfen Sie einen Tag voller familienfreundlicher Abenteuer mit unserem <strong>Familienspa\u00df-Tour<\/strong>! Besuchen Sie den aufregenden Wasserpark, erkunden Sie die charmante Altstadt von Rhodos, entspannen Sie sich an den sch\u00f6nen Str\u00e4nden und treffen Sie Tiere im Zoo von Rhodos. Eine perfekte Mischung aus Spa\u00df und Entspannung f\u00fcr alle Altersgruppen!<\/p><\/div><\/div>\n<\/div>\n<\/div>\n<\/div><\/div>","protected":false},"excerpt":{"rendered":"","protected":false},"author":1,"featured_media":0,"parent":0,"menu_order":0,"comment_status":"closed","ping_status":"closed","template":"","meta":{"_uag_custom_page_level_css":"","site-sidebar-layout":"default","site-content-layout":"","ast-site-content-layout":"","site-content-style":"default","site-sidebar-style":"default","ast-global-header-display":"","ast-banner-title-visibility":"","ast-main-header-display":"","ast-hfb-above-header-display":"","ast-hfb-below-header-display":"","ast-hfb-mobile-header-display":"","site-post-title":"disabled","ast-breadcrumbs-content":"","ast-featured-img":"","footer-sml-layout":"","ast-disable-related-posts":"","theme-transparent-header-meta":"","adv-header-id-meta":"","stick-header-meta":"","header-above-stick-meta":"","header-main-stick-meta":"","header-below-stick-meta":"","astra-migrate-meta-layouts":"default","ast-page-background-enabled":"default","ast-page-background-meta":{"desktop":{"background-color":"var(--ast-global-color-4)","background-image":"","background-repeat":"repeat","background-position":"center center","background-size":"auto","background-attachment":"scroll","background-type":"","background-media":"","overlay-type":"","overlay-color":"","overlay-opacity":"","overlay-gradient":""},"tablet":{"background-color":"","background-image":"","background-repeat":"repeat","background-position":"center center","background-size":"auto","background-attachment":"scroll","background-type":"","background-media":"","overlay-type":"","overlay-color":"","overlay-opacity":"","overlay-gradient":""},"mobile":{"background-color":"","background-image":"","background-repeat":"repeat","background-position":"center center","background-size":"auto","background-attachment":"scroll","background-type":"","background-media":"","overlay-type":"","overlay-color":"","overlay-opacity":"","overlay-gradient":""}},"ast-content-background-meta":{"desktop":{"background-color":"var(--ast-global-color-5)","background-image":"","background-repeat":"repeat","background-position":"center center","background-size":"auto","background-attachment":"scroll","background-type":"","background-media":"","overlay-type":"","overlay-color":"","overlay-opacity":"","overlay-gradient":""},"tablet":{"background-color":"var(--ast-global-color-5)","background-image":"","background-repeat":"repeat","background-position":"center center","background-size":"auto","background-attachment":"scroll","background-type":"","background-media":"","overlay-type":"","overlay-color":"","overlay-opacity":"","overlay-gradient":""},"mobile":{"background-color":"var(--ast-global-color-5)","background-image":"","background-repeat":"repeat","background-position":"center center","background-size":"auto","background-attachment":"scroll","background-type":"","background-media":"","overlay-type":"","overlay-color":"","overlay-opacity":"","overlay-gradient":""}},"footnotes":""},"class_list":["post-2872","page","type-page","status-publish","hentry"],"uagb_featured_image_src":{"full":false,"thumbnail":false,"medium":false,"medium_large":false,"large":false,"1536x1536":false,"2048x2048":false,"trp-custom-language-flag":false,"woocommerce_thumbnail":false,"woocommerce_single":false,"woocommerce_gallery_thumbnail":false},"uagb_author_info":{"display_name":"Stathis","author_link":"https:\/\/speedstransfers.com\/de\/author\/ostathispgmail-com\/"},"uagb_comment_info":0,"uagb_excerpt":null,"_links":{"self":[{"href":"https:\/\/speedstransfers.com\/de\/wp-json\/wp\/v2\/pages\/2872","targetHints":{"allow":["GET"]}}],"collection":[{"href":"https:\/\/speedstransfers.com\/de\/wp-json\/wp\/v2\/pages"}],"about":[{"href":"https:\/\/speedstransfers.com\/de\/wp-json\/wp\/v2\/types\/page"}],"author":[{"embeddable":true,"href":"https:\/\/speedstransfers.com\/de\/wp-json\/wp\/v2\/users\/1"}],"replies":[{"embeddable":true,"href":"https:\/\/speedstransfers.com\/de\/wp-json\/wp\/v2\/comments?post=2872"}],"version-history":[{"count":7,"href":"https:\/\/speedstransfers.com\/de\/wp-json\/wp\/v2\/pages\/2872\/revisions"}],"predecessor-version":[{"id":2973,"href":"https:\/\/speedstransfers.com\/de\/wp-json\/wp\/v2\/pages\/2872\/revisions\/2973"}],"wp:attachment":[{"href":"https:\/\/speedstransfers.com\/de\/wp-json\/wp\/v2\/media?parent=2872"}],"curies":[{"name":"wp","href":"https:\/\/api.w.org\/{rel}","templated":true}]}}